{"id":8,"date":"2021-09-13T14:02:53","date_gmt":"2021-09-13T14:02:53","guid":{"rendered":"https:\/\/cursasantlluc.wordpress.com\/?page_id=8"},"modified":"2025-09-23T13:36:07","modified_gmt":"2025-09-23T11:36:07","slug":"contact","status":"publish","type":"page","link":"https:\/\/cursasantlluc.olot.cat\/index.php\/contact\/","title":{"rendered":"Contacte"},"content":{"rendered":"\n<div style=\"height:40px\" aria-hidden=\"true\" class=\"wp-block-spacer\"><\/div>\n\n\n\n<p class=\"has-text-align-left\"><strong>\ud83d\udc4b Parlem! <\/strong><\/p>\n\n\n\n<p class=\"has-text-align-left\">No dubtis en posar-te en contacte amb nosaltres mitjan\u00e7ant el formulari que trobar\u00e0s a continuaci\u00f3.<\/p>\n\n\n\n<div style=\"height:32px\" aria-hidden=\"true\" class=\"wp-block-spacer desktop-only\"><\/div>\n\n\n\n<div class=\"wp-block-columns has-2-columns is-layout-flex wp-container-core-columns-is-layout-9d6595d7 wp-block-columns-is-layout-flex\">\n<div class=\"wp-block-column is-layout-flow wp-block-column-is-layout-flow\">\n<h2 class=\"wp-block-heading has-text-align-left\">EnvIA&#8217;NS UN MISSATGE<\/h2>\n\n\n<div class=\"wp-block-jetpack-contact-form\"><a href=\"https:\/\/cursasantlluc.olot.cat\/index.php\/contact\/\" target=\"_blank\" rel=\"noopener noreferrer\">Envia un formulari.<\/a><\/div><\/div>\n<\/div>\n","protected":false},"excerpt":{"rendered":"<p>\ud83d\udc4b Parlem! No dubtis en posar-te en contacte amb nosaltres mitjan\u00e7ant el formulari que trobar\u00e0s a continuaci\u00f3. EnvIA&#8217;NS UN MISSATGE<\/p>\n","protected":false},"author":4,"featured_media":0,"parent":0,"menu_order":0,"comment_status":"closed","ping_status":"closed","template":"","meta":{"footnotes":""},"class_list":["post-8","page","type-page","status-publish","hentry"],"jetpack_sharing_enabled":false,"_links":{"self":[{"href":"https:\/\/cursasantlluc.olot.cat\/index.php\/wp-json\/wp\/v2\/pages\/8","targetHints":{"allow":["GET"]}}],"collection":[{"href":"https:\/\/cursasantlluc.olot.cat\/index.php\/wp-json\/wp\/v2\/pages"}],"about":[{"href":"https:\/\/cursasantlluc.olot.cat\/index.php\/wp-json\/wp\/v2\/types\/page"}],"author":[{"embeddable":true,"href":"https:\/\/cursasantlluc.olot.cat\/index.php\/wp-json\/wp\/v2\/users\/4"}],"replies":[{"embeddable":true,"href":"https:\/\/cursasantlluc.olot.cat\/index.php\/wp-json\/wp\/v2\/comments?post=8"}],"version-history":[{"count":1,"href":"https:\/\/cursasantlluc.olot.cat\/index.php\/wp-json\/wp\/v2\/pages\/8\/revisions"}],"predecessor-version":[{"id":2376,"href":"https:\/\/cursasantlluc.olot.cat\/index.php\/wp-json\/wp\/v2\/pages\/8\/revisions\/2376"}],"wp:attachment":[{"href":"https:\/\/cursasantlluc.olot.cat\/index.php\/wp-json\/wp\/v2\/media?parent=8"}],"curies":[{"name":"wp","href":"https:\/\/api.w.org\/{rel}","templated":true}]}}