{"id":146,"date":"2022-08-02T07:53:11","date_gmt":"2022-08-02T05:53:11","guid":{"rendered":"https:\/\/cursasantlluc.cat\/?page_id=146"},"modified":"2025-10-20T15:16:20","modified_gmt":"2025-10-20T13:16:20","slug":"pagina-dinici-2022","status":"publish","type":"page","link":"https:\/\/cursasantlluc.olot.cat\/","title":{"rendered":"P\u00e0gina d&#8217;inici 2025"},"content":{"rendered":"\t\t<div data-elementor-type=\"wp-page\" data-elementor-id=\"146\" class=\"elementor elementor-146\">\n\t\t\t\t<div class=\"elementor-element elementor-element-ef8e3aa e-flex e-con-boxed e-con e-parent\" data-id=\"ef8e3aa\" data-element_type=\"container\" data-e-type=\"container\">\n\t\t\t\t\t<div class=\"e-con-inner\">\n\t\t\t\t<div class=\"elementor-element elementor-element-0d60108 elementor-button-info elementor-align-center elementor-widget elementor-widget-button\" data-id=\"0d60108\" data-element_type=\"widget\" data-e-type=\"widget\" data-widget_type=\"button.default\">\n\t\t\t\t\t\t\t\t\t\t<a class=\"elementor-button elementor-button-link elementor-size-sm\" href=\"https:\/\/cursasantlluc.olot.cat\/index.php\/galeria\/\">\n\t\t\t\t\t\t<span class=\"elementor-button-content-wrapper\">\n\t\t\t\t\t\t\t\t\t<span class=\"elementor-button-text\">GALERIA IMATGES 2025<\/span>\n\t\t\t\t\t<\/span>\n\t\t\t\t\t<\/a>\n\t\t\t\t\t\t\t\t<\/div>\n\t\t\t\t\t<\/div>\n\t\t\t\t<\/div>\n\t\t<div class=\"elementor-element elementor-element-5741836 e-con-full e-flex e-con e-parent\" data-id=\"5741836\" data-element_type=\"container\" data-e-type=\"container\">\n\t\t\t\t<div class=\"elementor-element elementor-element-acdbc71 elementor-widget elementor-widget-image\" data-id=\"acdbc71\" data-element_type=\"widget\" data-e-type=\"widget\" data-widget_type=\"image.default\">\n\t\t\t\t\t\t\t\t\t\t\t\t\t\t\t<img fetchpriority=\"high\" decoding=\"async\" width=\"300\" height=\"300\" src=\"https:\/\/cursasantlluc.olot.cat\/wp-content\/uploads\/2024\/09\/versio-3.1-3-300x300.jpg\" class=\"attachment-medium size-medium wp-image-1364\" alt=\"\" srcset=\"https:\/\/cursasantlluc.olot.cat\/wp-content\/uploads\/2024\/09\/versio-3.1-3-300x300.jpg 300w, https:\/\/cursasantlluc.olot.cat\/wp-content\/uploads\/2024\/09\/versio-3.1-3-1024x1024.jpg 1024w, https:\/\/cursasantlluc.olot.cat\/wp-content\/uploads\/2024\/09\/versio-3.1-3-150x150.jpg 150w, https:\/\/cursasantlluc.olot.cat\/wp-content\/uploads\/2024\/09\/versio-3.1-3-768x768.jpg 768w, https:\/\/cursasantlluc.olot.cat\/wp-content\/uploads\/2024\/09\/versio-3.1-3-1536x1536.jpg 1536w, https:\/\/cursasantlluc.olot.cat\/wp-content\/uploads\/2024\/09\/versio-3.1-3.jpg 1563w\" sizes=\"(max-width: 300px) 100vw, 300px\" \/>\t\t\t\t\t\t\t\t\t\t\t\t\t\t\t<\/div>\n\t\t\t\t<div class=\"elementor-element elementor-element-aaa1128 elementor-widget elementor-widget-spacer\" data-id=\"aaa1128\" data-element_type=\"widget\" data-e-type=\"widget\" data-widget_type=\"spacer.default\">\n\t\t\t\t\t\t\t<div class=\"elementor-spacer\">\n\t\t\t<div class=\"elementor-spacer-inner\"><\/div>\n\t\t<\/div>\n\t\t\t\t\t\t<\/div>\n\t\t\t\t<\/div>\n\t\t<div class=\"elementor-element elementor-element-8b0a472 e-con-full e-flex e-con e-parent\" data-id=\"8b0a472\" data-element_type=\"container\" data-e-type=\"container\">\n\t\t\t\t<div class=\"elementor-element elementor-element-ec96237 elementor-widget elementor-widget-heading\" data-id=\"ec96237\" data-element_type=\"widget\" data-e-type=\"widget\" data-widget_type=\"heading.default\">\n\t\t\t\t\t<h2 class=\"elementor-heading-title elementor-size-default\">PER SANT LLUC<\/h2>\t\t\t\t<\/div>\n\t\t\t\t<div class=\"elementor-element elementor-element-4a15702 elementor-widget elementor-widget-heading\" data-id=\"4a15702\" data-element_type=\"widget\" data-e-type=\"widget\" data-widget_type=\"heading.default\">\n\t\t\t\t\t<h2 class=\"elementor-heading-title elementor-size-default\">la tradici\u00f3 \u00e9s c\u00f3rrer<\/h2>\t\t\t\t<\/div>\n\t\t\t\t<div class=\"elementor-element elementor-element-493c381 elementor-widget-divider--view-line elementor-widget elementor-widget-divider\" data-id=\"493c381\" data-element_type=\"widget\" data-e-type=\"widget\" data-widget_type=\"divider.default\">\n\t\t\t\t\t\t\t<div class=\"elementor-divider\">\n\t\t\t<span class=\"elementor-divider-separator\">\n\t\t\t\t\t\t<\/span>\n\t\t<\/div>\n\t\t\t\t\t\t<\/div>\n\t\t\t\t<div class=\"elementor-element elementor-element-a47d3a9 elementor-widget elementor-widget-spacer\" data-id=\"a47d3a9\" data-element_type=\"widget\" data-e-type=\"widget\" data-widget_type=\"spacer.default\">\n\t\t\t\t\t\t\t<div class=\"elementor-spacer\">\n\t\t\t<div class=\"elementor-spacer-inner\"><\/div>\n\t\t<\/div>\n\t\t\t\t\t\t<\/div>\n\t\t\t\t<\/div>\n\t\t<div class=\"elementor-element elementor-element-03cb8a4 e-grid e-con-full e-con e-parent\" data-id=\"03cb8a4\" data-element_type=\"container\" data-e-type=\"container\">\n\t\t\t\t<div class=\"elementor-element elementor-element-40645be elementor-widget elementor-widget-image\" data-id=\"40645be\" data-element_type=\"widget\" data-e-type=\"widget\" data-widget_type=\"image.default\">\n\t\t\t\t\t\t\t\t\t\t\t\t\t\t\t<img decoding=\"async\" width=\"1024\" height=\"683\" src=\"https:\/\/cursasantlluc.olot.cat\/wp-content\/uploads\/2025\/09\/CursaSantLluc-1024x683.jpg\" class=\"attachment-large size-large wp-image-2240\" alt=\"\" srcset=\"https:\/\/cursasantlluc.olot.cat\/wp-content\/uploads\/2025\/09\/CursaSantLluc-1024x683.jpg 1024w, https:\/\/cursasantlluc.olot.cat\/wp-content\/uploads\/2025\/09\/CursaSantLluc-300x200.jpg 300w, https:\/\/cursasantlluc.olot.cat\/wp-content\/uploads\/2025\/09\/CursaSantLluc-768x512.jpg 768w, https:\/\/cursasantlluc.olot.cat\/wp-content\/uploads\/2025\/09\/CursaSantLluc-1536x1024.jpg 1536w, https:\/\/cursasantlluc.olot.cat\/wp-content\/uploads\/2025\/09\/CursaSantLluc-2048x1365.jpg 2048w, https:\/\/cursasantlluc.olot.cat\/wp-content\/uploads\/2025\/09\/CursaSantLluc-700x467.jpg 700w, https:\/\/cursasantlluc.olot.cat\/wp-content\/uploads\/2025\/09\/CursaSantLluc-2000x1333.jpg 2000w, https:\/\/cursasantlluc.olot.cat\/wp-content\/uploads\/2025\/09\/CursaSantLluc-900x600.jpg 900w, https:\/\/cursasantlluc.olot.cat\/wp-content\/uploads\/2025\/09\/CursaSantLluc-600x400.jpg 600w\" sizes=\"(max-width: 1024px) 100vw, 1024px\" \/>\t\t\t\t\t\t\t\t\t\t\t\t\t\t\t<\/div>\n\t\t\t\t<div class=\"elementor-element elementor-element-a51574f elementor-widget elementor-widget-image\" data-id=\"a51574f\" data-element_type=\"widget\" data-e-type=\"widget\" data-widget_type=\"image.default\">\n\t\t\t\t\t\t\t\t\t\t\t\t\t\t\t<img decoding=\"async\" width=\"1024\" height=\"683\" src=\"https:\/\/cursasantlluc.olot.cat\/wp-content\/uploads\/2025\/09\/DSC_8910-1024x683.jpg\" class=\"attachment-large size-large wp-image-2243\" alt=\"\" srcset=\"https:\/\/cursasantlluc.olot.cat\/wp-content\/uploads\/2025\/09\/DSC_8910-1024x683.jpg 1024w, https:\/\/cursasantlluc.olot.cat\/wp-content\/uploads\/2025\/09\/DSC_8910-300x200.jpg 300w, https:\/\/cursasantlluc.olot.cat\/wp-content\/uploads\/2025\/09\/DSC_8910-768x512.jpg 768w, https:\/\/cursasantlluc.olot.cat\/wp-content\/uploads\/2025\/09\/DSC_8910-1536x1024.jpg 1536w, https:\/\/cursasantlluc.olot.cat\/wp-content\/uploads\/2025\/09\/DSC_8910-2048x1365.jpg 2048w, https:\/\/cursasantlluc.olot.cat\/wp-content\/uploads\/2025\/09\/DSC_8910-700x467.jpg 700w, https:\/\/cursasantlluc.olot.cat\/wp-content\/uploads\/2025\/09\/DSC_8910-2000x1333.jpg 2000w, https:\/\/cursasantlluc.olot.cat\/wp-content\/uploads\/2025\/09\/DSC_8910-900x600.jpg 900w, https:\/\/cursasantlluc.olot.cat\/wp-content\/uploads\/2025\/09\/DSC_8910-600x400.jpg 600w\" sizes=\"(max-width: 1024px) 100vw, 1024px\" \/>\t\t\t\t\t\t\t\t\t\t\t\t\t\t\t<\/div>\n\t\t\t\t<div class=\"elementor-element elementor-element-bd66ad9 elementor-widget elementor-widget-image\" data-id=\"bd66ad9\" data-element_type=\"widget\" data-e-type=\"widget\" data-widget_type=\"image.default\">\n\t\t\t\t\t\t\t\t\t\t\t\t\t\t\t<img loading=\"lazy\" decoding=\"async\" width=\"1024\" height=\"683\" src=\"https:\/\/cursasantlluc.olot.cat\/wp-content\/uploads\/2025\/09\/CursaSantLluc_3-1024x683.jpg\" class=\"attachment-large size-large wp-image-2241\" alt=\"\" srcset=\"https:\/\/cursasantlluc.olot.cat\/wp-content\/uploads\/2025\/09\/CursaSantLluc_3-1024x683.jpg 1024w, https:\/\/cursasantlluc.olot.cat\/wp-content\/uploads\/2025\/09\/CursaSantLluc_3-300x200.jpg 300w, https:\/\/cursasantlluc.olot.cat\/wp-content\/uploads\/2025\/09\/CursaSantLluc_3-768x512.jpg 768w, https:\/\/cursasantlluc.olot.cat\/wp-content\/uploads\/2025\/09\/CursaSantLluc_3-1536x1024.jpg 1536w, https:\/\/cursasantlluc.olot.cat\/wp-content\/uploads\/2025\/09\/CursaSantLluc_3-2048x1365.jpg 2048w, https:\/\/cursasantlluc.olot.cat\/wp-content\/uploads\/2025\/09\/CursaSantLluc_3-700x467.jpg 700w, https:\/\/cursasantlluc.olot.cat\/wp-content\/uploads\/2025\/09\/CursaSantLluc_3-2000x1333.jpg 2000w, https:\/\/cursasantlluc.olot.cat\/wp-content\/uploads\/2025\/09\/CursaSantLluc_3-900x600.jpg 900w, https:\/\/cursasantlluc.olot.cat\/wp-content\/uploads\/2025\/09\/CursaSantLluc_3-600x400.jpg 600w\" sizes=\"(max-width: 1024px) 100vw, 1024px\" \/>\t\t\t\t\t\t\t\t\t\t\t\t\t\t\t<\/div>\n\t\t\t\t<div class=\"elementor-element elementor-element-907f630 elementor-widget elementor-widget-image\" data-id=\"907f630\" data-element_type=\"widget\" data-e-type=\"widget\" data-widget_type=\"image.default\">\n\t\t\t\t\t\t\t\t\t\t\t\t\t\t\t<img loading=\"lazy\" decoding=\"async\" width=\"1024\" height=\"576\" src=\"https:\/\/cursasantlluc.olot.cat\/wp-content\/uploads\/2025\/09\/F_17_-1024x576.jpg\" class=\"attachment-large size-large wp-image-2252\" alt=\"\" srcset=\"https:\/\/cursasantlluc.olot.cat\/wp-content\/uploads\/2025\/09\/F_17_-1024x576.jpg 1024w, https:\/\/cursasantlluc.olot.cat\/wp-content\/uploads\/2025\/09\/F_17_-300x169.jpg 300w, https:\/\/cursasantlluc.olot.cat\/wp-content\/uploads\/2025\/09\/F_17_-768x432.jpg 768w, https:\/\/cursasantlluc.olot.cat\/wp-content\/uploads\/2025\/09\/F_17_-1536x864.jpg 1536w, https:\/\/cursasantlluc.olot.cat\/wp-content\/uploads\/2025\/09\/F_17_-2048x1152.jpg 2048w, https:\/\/cursasantlluc.olot.cat\/wp-content\/uploads\/2025\/09\/F_17_-700x394.jpg 700w, https:\/\/cursasantlluc.olot.cat\/wp-content\/uploads\/2025\/09\/F_17_-2000x1125.jpg 2000w, https:\/\/cursasantlluc.olot.cat\/wp-content\/uploads\/2025\/09\/F_17_-711x400.jpg 711w\" sizes=\"(max-width: 1024px) 100vw, 1024px\" \/>\t\t\t\t\t\t\t\t\t\t\t\t\t\t\t<\/div>\n\t\t\t\t<div class=\"elementor-element elementor-element-8c6fc9f elementor-widget elementor-widget-image\" data-id=\"8c6fc9f\" data-element_type=\"widget\" data-e-type=\"widget\" data-widget_type=\"image.default\">\n\t\t\t\t\t\t\t\t\t\t\t\t\t\t\t<img loading=\"lazy\" decoding=\"async\" width=\"1024\" height=\"576\" src=\"https:\/\/cursasantlluc.olot.cat\/wp-content\/uploads\/2025\/09\/IMG_1976-1024x576.jpg\" class=\"attachment-large size-large wp-image-2257\" alt=\"\" srcset=\"https:\/\/cursasantlluc.olot.cat\/wp-content\/uploads\/2025\/09\/IMG_1976-1024x576.jpg 1024w, https:\/\/cursasantlluc.olot.cat\/wp-content\/uploads\/2025\/09\/IMG_1976-300x169.jpg 300w, https:\/\/cursasantlluc.olot.cat\/wp-content\/uploads\/2025\/09\/IMG_1976-768x432.jpg 768w, https:\/\/cursasantlluc.olot.cat\/wp-content\/uploads\/2025\/09\/IMG_1976-1536x864.jpg 1536w, https:\/\/cursasantlluc.olot.cat\/wp-content\/uploads\/2025\/09\/IMG_1976-2048x1152.jpg 2048w, https:\/\/cursasantlluc.olot.cat\/wp-content\/uploads\/2025\/09\/IMG_1976-700x394.jpg 700w, https:\/\/cursasantlluc.olot.cat\/wp-content\/uploads\/2025\/09\/IMG_1976-2000x1125.jpg 2000w, https:\/\/cursasantlluc.olot.cat\/wp-content\/uploads\/2025\/09\/IMG_1976-711x400.jpg 711w\" sizes=\"(max-width: 1024px) 100vw, 1024px\" \/>\t\t\t\t\t\t\t\t\t\t\t\t\t\t\t<\/div>\n\t\t\t\t<div class=\"elementor-element elementor-element-0d961e9 elementor-widget elementor-widget-image\" data-id=\"0d961e9\" data-element_type=\"widget\" data-e-type=\"widget\" data-widget_type=\"image.default\">\n\t\t\t\t\t\t\t\t\t\t\t\t\t\t\t<img loading=\"lazy\" decoding=\"async\" width=\"1024\" height=\"576\" src=\"https:\/\/cursasantlluc.olot.cat\/wp-content\/uploads\/2025\/09\/IMG_1962-1024x576.jpg\" class=\"attachment-large size-large wp-image-2256\" alt=\"\" srcset=\"https:\/\/cursasantlluc.olot.cat\/wp-content\/uploads\/2025\/09\/IMG_1962-1024x576.jpg 1024w, https:\/\/cursasantlluc.olot.cat\/wp-content\/uploads\/2025\/09\/IMG_1962-300x169.jpg 300w, https:\/\/cursasantlluc.olot.cat\/wp-content\/uploads\/2025\/09\/IMG_1962-768x432.jpg 768w, https:\/\/cursasantlluc.olot.cat\/wp-content\/uploads\/2025\/09\/IMG_1962-1536x864.jpg 1536w, https:\/\/cursasantlluc.olot.cat\/wp-content\/uploads\/2025\/09\/IMG_1962-2048x1152.jpg 2048w, https:\/\/cursasantlluc.olot.cat\/wp-content\/uploads\/2025\/09\/IMG_1962-700x394.jpg 700w, https:\/\/cursasantlluc.olot.cat\/wp-content\/uploads\/2025\/09\/IMG_1962-2000x1125.jpg 2000w, https:\/\/cursasantlluc.olot.cat\/wp-content\/uploads\/2025\/09\/IMG_1962-711x400.jpg 711w\" sizes=\"(max-width: 1024px) 100vw, 1024px\" \/>\t\t\t\t\t\t\t\t\t\t\t\t\t\t\t<\/div>\n\t\t\t\t<\/div>\n\t\t<div class=\"elementor-element elementor-element-d075fa2 e-con-full e-flex e-con e-parent\" data-id=\"d075fa2\" data-element_type=\"container\" data-e-type=\"container\">\n\t\t\t\t<div class=\"elementor-element elementor-element-e5266ea elementor-widget elementor-widget-text-editor\" data-id=\"e5266ea\" data-element_type=\"widget\" data-e-type=\"widget\" data-widget_type=\"text-editor.default\">\n\t\t\t\t\t\t\t\t\t<p>Organitza<\/p>\t\t\t\t\t\t\t\t<\/div>\n\t\t\t\t<\/div>\n\t\t<div class=\"elementor-element elementor-element-30c3d63 e-grid e-con-boxed e-con e-parent\" data-id=\"30c3d63\" data-element_type=\"container\" data-e-type=\"container\">\n\t\t\t\t\t<div class=\"e-con-inner\">\n\t\t\t\t<div class=\"elementor-element elementor-element-bad964e elementor-widget elementor-widget-image\" data-id=\"bad964e\" data-element_type=\"widget\" data-e-type=\"widget\" data-widget_type=\"image.default\">\n\t\t\t\t\t\t\t\t\t\t\t\t\t\t\t<img loading=\"lazy\" decoding=\"async\" width=\"880\" height=\"325\" src=\"https:\/\/cursasantlluc.olot.cat\/wp-content\/uploads\/2025\/09\/logotip.png\" class=\"attachment-large size-large wp-image-2409\" alt=\"\" srcset=\"https:\/\/cursasantlluc.olot.cat\/wp-content\/uploads\/2025\/09\/logotip.png 880w, https:\/\/cursasantlluc.olot.cat\/wp-content\/uploads\/2025\/09\/logotip-300x111.png 300w, https:\/\/cursasantlluc.olot.cat\/wp-content\/uploads\/2025\/09\/logotip-768x284.png 768w, https:\/\/cursasantlluc.olot.cat\/wp-content\/uploads\/2025\/09\/logotip-700x259.png 700w\" sizes=\"(max-width: 880px) 100vw, 880px\" \/>\t\t\t\t\t\t\t\t\t\t\t\t\t\t\t<\/div>\n\t\t\t\t<div class=\"elementor-element elementor-element-a7df048 elementor-widget elementor-widget-image\" data-id=\"a7df048\" data-element_type=\"widget\" data-e-type=\"widget\" data-widget_type=\"image.default\">\n\t\t\t\t\t\t\t\t\t\t\t\t\t\t\t<img loading=\"lazy\" decoding=\"async\" width=\"404\" height=\"215\" src=\"https:\/\/cursasantlluc.olot.cat\/wp-content\/uploads\/2022\/08\/olot-fundacio-vertical-transparent.png\" class=\"attachment-large size-large wp-image-217\" alt=\"\" srcset=\"https:\/\/cursasantlluc.olot.cat\/wp-content\/uploads\/2022\/08\/olot-fundacio-vertical-transparent.png 404w, https:\/\/cursasantlluc.olot.cat\/wp-content\/uploads\/2022\/08\/olot-fundacio-vertical-transparent-300x160.png 300w\" sizes=\"(max-width: 404px) 100vw, 404px\" \/>\t\t\t\t\t\t\t\t\t\t\t\t\t\t\t<\/div>\n\t\t\t\t\t<\/div>\n\t\t\t\t<\/div>\n\t\t<div class=\"elementor-element elementor-element-c49ee99 e-flex e-con-boxed e-con e-parent\" data-id=\"c49ee99\" data-element_type=\"container\" data-e-type=\"container\">\n\t\t\t\t\t<div class=\"e-con-inner\">\n\t\t\t\t<div class=\"elementor-element elementor-element-c65987a elementor-widget elementor-widget-text-editor\" data-id=\"c65987a\" data-element_type=\"widget\" data-e-type=\"widget\" data-widget_type=\"text-editor.default\">\n\t\t\t\t\t\t\t\t\t<p data-pm-slice=\"1 1 []\">Col\u00b7labora<\/p>\t\t\t\t\t\t\t\t<\/div>\n\t\t\t\t\t<\/div>\n\t\t\t\t<\/div>\n\t\t<div class=\"elementor-element elementor-element-bc427c6 e-con-full e-flex e-con e-parent\" data-id=\"bc427c6\" data-element_type=\"container\" data-e-type=\"container\">\n\t\t\t\t<div class=\"elementor-element elementor-element-649c59f elementor-arrows-position-inside elementor-pagination-position-outside elementor-widget elementor-widget-image-carousel\" data-id=\"649c59f\" data-element_type=\"widget\" data-e-type=\"widget\" data-settings=\"{&quot;navigation&quot;:&quot;both&quot;,&quot;autoplay&quot;:&quot;yes&quot;,&quot;pause_on_hover&quot;:&quot;yes&quot;,&quot;pause_on_interaction&quot;:&quot;yes&quot;,&quot;autoplay_speed&quot;:5000,&quot;infinite&quot;:&quot;yes&quot;,&quot;speed&quot;:500}\" data-widget_type=\"image-carousel.default\">\n\t\t\t\t\t\t\t<div class=\"elementor-image-carousel-wrapper swiper\" role=\"region\" aria-roledescription=\"carousel\" aria-label=\"Carrusel d&#039;imatges\" dir=\"ltr\">\n\t\t\t<div class=\"elementor-image-carousel swiper-wrapper\" aria-live=\"off\">\n\t\t\t\t\t\t\t\t<div class=\"swiper-slide\" role=\"group\" aria-roledescription=\"slide\" aria-label=\"1 de 9\"><figure class=\"swiper-slide-inner\"><img decoding=\"async\" class=\"swiper-slide-image\" src=\"https:\/\/cursasantlluc.olot.cat\/wp-content\/uploads\/2025\/09\/Logos-web-sant-lluc-300x300.png\" alt=\"Logos web sant lluc\" \/><\/figure><\/div><div class=\"swiper-slide\" role=\"group\" aria-roledescription=\"slide\" aria-label=\"2 de 9\"><figure class=\"swiper-slide-inner\"><img decoding=\"async\" class=\"swiper-slide-image\" src=\"https:\/\/cursasantlluc.olot.cat\/wp-content\/uploads\/2025\/09\/Logos-web-sant-lluc-5-300x300.png\" alt=\"Logos web sant lluc (5)\" \/><\/figure><\/div><div class=\"swiper-slide\" role=\"group\" aria-roledescription=\"slide\" aria-label=\"3 de 9\"><figure class=\"swiper-slide-inner\"><img decoding=\"async\" class=\"swiper-slide-image\" src=\"https:\/\/cursasantlluc.olot.cat\/wp-content\/uploads\/2025\/09\/Logos-web-sant-lluc-3-300x300.png\" alt=\"Logos web sant lluc (3)\" \/><\/figure><\/div><div class=\"swiper-slide\" role=\"group\" aria-roledescription=\"slide\" aria-label=\"4 de 9\"><figure class=\"swiper-slide-inner\"><img decoding=\"async\" class=\"swiper-slide-image\" src=\"https:\/\/cursasantlluc.olot.cat\/wp-content\/uploads\/2025\/09\/Logos-web-sant-lluc-2-300x300.png\" alt=\"Logos web sant lluc (2)\" \/><\/figure><\/div><div class=\"swiper-slide\" role=\"group\" aria-roledescription=\"slide\" aria-label=\"5 de 9\"><figure class=\"swiper-slide-inner\"><img decoding=\"async\" class=\"swiper-slide-image\" src=\"https:\/\/cursasantlluc.olot.cat\/wp-content\/uploads\/2025\/09\/Logos-web-sant-lluc-8-300x300.png\" alt=\"Logos web sant lluc (8)\" \/><\/figure><\/div><div class=\"swiper-slide\" role=\"group\" aria-roledescription=\"slide\" aria-label=\"6 de 9\"><figure class=\"swiper-slide-inner\"><img decoding=\"async\" class=\"swiper-slide-image\" src=\"https:\/\/cursasantlluc.olot.cat\/wp-content\/uploads\/2025\/09\/Logos-web-sant-lluc-1-300x300.png\" alt=\"Logos web sant lluc (1)\" \/><\/figure><\/div><div class=\"swiper-slide\" role=\"group\" aria-roledescription=\"slide\" aria-label=\"7 de 9\"><figure class=\"swiper-slide-inner\"><img decoding=\"async\" class=\"swiper-slide-image\" src=\"https:\/\/cursasantlluc.olot.cat\/wp-content\/uploads\/2025\/09\/Logos-web-sant-lluc-7-300x300.png\" alt=\"Logos web sant lluc (7)\" \/><\/figure><\/div><div class=\"swiper-slide\" role=\"group\" aria-roledescription=\"slide\" aria-label=\"8 de 9\"><figure class=\"swiper-slide-inner\"><img decoding=\"async\" class=\"swiper-slide-image\" src=\"https:\/\/cursasantlluc.olot.cat\/wp-content\/uploads\/2025\/09\/Logos-web-sant-lluc-4-300x300.png\" alt=\"Logos web sant lluc (4)\" \/><\/figure><\/div><div class=\"swiper-slide\" role=\"group\" aria-roledescription=\"slide\" aria-label=\"9 de 9\"><figure class=\"swiper-slide-inner\"><img decoding=\"async\" class=\"swiper-slide-image\" src=\"https:\/\/cursasantlluc.olot.cat\/wp-content\/uploads\/2025\/09\/Logos-web-sant-lluc-6-300x300.png\" alt=\"Logos web sant lluc (6)\" \/><\/figure><\/div>\t\t\t<\/div>\n\t\t\t\t\t\t\t\t\t\t\t\t<div class=\"elementor-swiper-button elementor-swiper-button-prev\" role=\"button\" tabindex=\"0\">\n\t\t\t\t\t\t<svg aria-hidden=\"true\" class=\"e-font-icon-svg e-eicon-chevron-left\" viewBox=\"0 0 1000 1000\" xmlns=\"http:\/\/www.w3.org\/2000\/svg\"><path d=\"M646 125C629 125 613 133 604 142L308 442C296 454 292 471 292 487 292 504 296 521 308 533L604 854C617 867 629 875 646 875 663 875 679 871 692 858 704 846 713 829 713 812 713 796 708 779 692 767L438 487 692 225C700 217 708 204 708 187 708 171 704 154 692 142 675 129 663 125 646 125Z\"><\/path><\/svg>\t\t\t\t\t<\/div>\n\t\t\t\t\t<div class=\"elementor-swiper-button elementor-swiper-button-next\" role=\"button\" tabindex=\"0\">\n\t\t\t\t\t\t<svg aria-hidden=\"true\" class=\"e-font-icon-svg e-eicon-chevron-right\" viewBox=\"0 0 1000 1000\" xmlns=\"http:\/\/www.w3.org\/2000\/svg\"><path d=\"M696 533C708 521 713 504 713 487 713 471 708 454 696 446L400 146C388 133 375 125 354 125 338 125 325 129 313 142 300 154 292 171 292 187 292 204 296 221 308 233L563 492 304 771C292 783 288 800 288 817 288 833 296 850 308 863 321 871 338 875 354 875 371 875 388 867 400 854L696 533Z\"><\/path><\/svg>\t\t\t\t\t<\/div>\n\t\t\t\t\n\t\t\t\t\t\t\t\t\t<div class=\"swiper-pagination\"><\/div>\n\t\t\t\t\t\t\t\t\t<\/div>\n\t\t\t\t\t\t<\/div>\n\t\t\t\t<\/div>\n\t\t\t\t<\/div>\n\t\t","protected":false},"excerpt":{"rendered":"<p>GALERIA IMATGES 2025 PER SANT LLUC la tradici\u00f3 \u00e9s c\u00f3rrer Organitza Col\u00b7labora<\/p>\n","protected":false},"author":4,"featured_media":0,"parent":0,"menu_order":0,"comment_status":"closed","ping_status":"closed","template":"","meta":{"footnotes":""},"class_list":["post-146","page","type-page","status-publish","hentry"],"jetpack_sharing_enabled":true,"_links":{"self":[{"href":"https:\/\/cursasantlluc.olot.cat\/index.php\/wp-json\/wp\/v2\/pages\/146","targetHints":{"allow":["GET"]}}],"collection":[{"href":"https:\/\/cursasantlluc.olot.cat\/index.php\/wp-json\/wp\/v2\/pages"}],"about":[{"href":"https:\/\/cursasantlluc.olot.cat\/index.php\/wp-json\/wp\/v2\/types\/page"}],"author":[{"embeddable":true,"href":"https:\/\/cursasantlluc.olot.cat\/index.php\/wp-json\/wp\/v2\/users\/4"}],"replies":[{"embeddable":true,"href":"https:\/\/cursasantlluc.olot.cat\/index.php\/wp-json\/wp\/v2\/comments?post=146"}],"version-history":[{"count":39,"href":"https:\/\/cursasantlluc.olot.cat\/index.php\/wp-json\/wp\/v2\/pages\/146\/revisions"}],"predecessor-version":[{"id":2797,"href":"https:\/\/cursasantlluc.olot.cat\/index.php\/wp-json\/wp\/v2\/pages\/146\/revisions\/2797"}],"wp:attachment":[{"href":"https:\/\/cursasantlluc.olot.cat\/index.php\/wp-json\/wp\/v2\/media?parent=146"}],"curies":[{"name":"wp","href":"https:\/\/api.w.org\/{rel}","templated":true}]}}